{"id":1819,"date":"2017-10-21T19:28:22","date_gmt":"2017-10-21T17:28:22","guid":{"rendered":"http:\/\/haraldhaefele.de\/?page_id=1819"},"modified":"2022-01-03T14:35:46","modified_gmt":"2022-01-03T13:35:46","slug":"impressum-2","status":"publish","type":"page","link":"https:\/\/haraldhaefele.de\/?page_id=1819","title":{"rendered":"Impressum"},"content":{"rendered":"<p>[et_pb_section fb_built=&#8220;1&#8243; custom_padding_last_edited=&#8220;on|desktop&#8220; admin_label=&#8220;section&#8220; _builder_version=&#8220;3.22&#8243; background_color=&#8220;#ffffff&#8220; custom_padding_tablet=&#8220;50px|0|50px|0&#8243; custom_padding_phone=&#8220;&#8220; transparent_background=&#8220;off&#8220; padding_mobile=&#8220;off&#8220; make_fullwidth=&#8220;off&#8220; use_custom_width=&#8220;off&#8220; width_unit=&#8220;on&#8220; global_colors_info=&#8220;{}&#8220;][et_pb_row _builder_version=&#8220;3.25&#8243; background_size=&#8220;initial&#8220; background_position=&#8220;top_left&#8220; background_repeat=&#8220;repeat&#8220; global_colors_info=&#8220;{}&#8220;][et_pb_column type=&#8220;4_4&#8243; _builder_version=&#8220;3.25&#8243; custom_padding=&#8220;|||&#8220; global_colors_info=&#8220;{}&#8220; custom_padding__hover=&#8220;|||&#8220;][et_pb_text _builder_version=&#8220;4.9.11&#8243; background_size=&#8220;initial&#8220; background_position=&#8220;top_left&#8220; background_repeat=&#8220;repeat&#8220; module_alignment=&#8220;left&#8220; hover_enabled=&#8220;0&#8243; global_colors_info=&#8220;{}&#8220; sticky_enabled=&#8220;0&#8243;]<\/p>\n<p><strong>Impressum Angaben gem\u00e4\u00df \u00a7 5 TMG:<\/strong><strong>\u00a0<\/strong><\/p>\n<p>Harald H\u00e4fele \u00a0 -:- \u00a0\u00a07 7 8 1 5 \u00a0B \u00fc h l\u00a0\u00a0 -:- \u00a0 Schlossh\u00f6he 27 \u00a0-:- \u00a0 Germany<\/p>\n<p><b>Kontakt:<\/b>\u00a0Email: info(at)haraldhaefele.de<\/p>\n<p><strong>Bitte beachten Sie folgenden Hinweis zum Thema Abmahnung: <\/strong><\/p>\n<p><strong>\u2028Keine Abmahnung ohne sich vorher mit mir per Mail oder Brief in Verbindung zu setzen !<\/strong><\/p>\n<p>Wenn der Inhalt oder die Aufmachung meiner Seiten gegen fremde Rechte Dritter oder gesetzliche Bestimmungen verst\u00f6\u00dft, so erbitte ich eine entsprechende Nachricht ohne Kostenrechnung. Ich werde die entsprechenden Passagen sofort l\u00f6schen, falls zu Recht beanstandet.<\/p>\n<p>Von Ihrer Seite ist die Einschaltung eines Rechtsbeistandes nicht erforderlich. Sollten dennoch Kosten dadurch entstehen, dass Sie keine vorherige Kontaktaufnahme vornehmen, werden ich die Kosten vollst\u00e4ndig zur\u00fcckweisen und eventuell Gegenklage erheben, da Sie gegen diesen Artikel versto\u00dfen haben.<\/p>\n<p>Stand: Juli 2016\u00a0\u00a0\u00a0\u00a0\u00a0\u00a0\u00a0\u00a0\u00a0\u00a0\u00a0\u00a0\u00a0\u00a0\u00a0\u00a0\u00a0\u00a0\u00a0\u00a0\u00a0\u00a0\u00a0 \u00c4nderungen vorbehalten<\/p>\n<p><strong>Haftungsausschluss (Disclaimer) <\/strong><\/p>\n<p><strong>Haftung f\u00fcr Inhalte <\/strong><\/p>\n<p>Als Diensteanbieter sind wir gem\u00e4\u00df \u00a7 7 Abs.1 TMG f\u00fcr eigene Inhalte auf diesen Seiten nach den allgemeinen Gesetzen verantwortlich. Nach \u00a7\u00a7 8 bis 10 TMG sind wir als Diensteanbieter jedoch nicht verpflichtet, \u00fcbermittelte oder gespeicherte fremde Informationen zu \u00fcberwachen oder nach Umst\u00e4nden zu forschen, die auf eine rechtswidrige T\u00e4tigkeit hinweisen. Verpflichtungen zur Entfernung oder Sperrung der Nutzung von Informationen nach den allgemeinen Gesetzen bleiben hiervon unber\u00fchrt. Eine diesbez\u00fcgliche Haftung ist jedoch erst ab dem Zeitpunkt der Kenntnis einer konkreten Rechtsverletzung m\u00f6glich. Bei Bekanntwerden von entsprechenden Rechtsverletzungen werden wir diese Inhalte umgehend entfernen.<\/p>\n<p><strong>Haftung f\u00fcr Links <\/strong><\/p>\n<p>Unser Angebot enth\u00e4lt Links zu externen Webseiten Dritter, auf deren Inhalte wir keinen Einfluss haben. Deshalb k\u00f6nnen wir f\u00fcr diese fremden Inhalte auch keine Gew\u00e4hr \u00fcbernehmen. F\u00fcr die Inhalte der verlinkten Seiten ist stets der jeweilige Anbieter oder Betreiber der Seiten verantwortlich. Die verlinkten Seiten wurden zum Zeitpunkt der Verlinkung auf m\u00f6gliche Rechtsverst\u00f6\u00dfe \u00fcberpr\u00fcft. Rechtswidrige Inhalte waren zum Zeitpunkt der Verlinkung nicht erkennbar. Eine permanente inhaltliche Kontrolle der verlinkten Seiten ist jedoch ohne konkrete Anhaltspunkte einer Rechtsverletzung nicht zumutbar. Bei Bekanntwerden von Rechtsverletzungen werden wir derartige Links umgehend entfernen.<\/p>\n<p><strong>Urheberrecht <\/strong><\/p>\n<p>Die durch die Seitenbetreiber erstellten Inhalte und Werke auf diesen Seiten unterliegen dem deutschen Urheberrecht. Die Vervielf\u00e4ltigung, Bearbeitung, Verbreitung und jede Art der Verwertung au\u00dferhalb der Grenzen des Urheberrechtes bed\u00fcrfen der schriftlichen Zustimmung des jeweiligen Autors bzw. Erstellers. Downloads und Kopien dieser Seite sind nur f\u00fcr den privaten, nicht kommerziellen Gebrauch gestattet. Soweit die Inhalte auf dieser Seite nicht vom Betreiber erstellt wurden, werden die Urheberrechte Dritter beachtet. Insbesondere werden Inhalte Dritter als solche gekennzeichnet. Sollten Sie trotzdem auf eine Urheberrechtsverletzung aufmerksam werden, bitten wir um einen entsprechenden Hinweis. Bei Bekanntwerden von Rechtsverletzungen werden wir derartige Inhalte umgehend entfernen.<\/p>\n<p><strong>Datenschutzerkl\u00e4rung: <\/strong><\/p>\n<p><strong>Datenschutz <\/strong><\/p>\n<p>Die Betreiber dieser Seiten nehmen den Schutz Ihrer pers\u00f6nlichen Daten sehr ernst. Wir behandeln Ihre personenbezogenen Daten vertraulich und entsprechend der gesetzlichen Datenschutzvorschriften sowie dieser Datenschutzerkl\u00e4rung.<\/p>\n<p>Die Nutzung unserer Webseite ist in der Regel ohne Angabe personenbezogener Daten m\u00f6glich. Soweit auf unseren Seiten personenbezogene Daten (beispielsweise Name, Anschrift oder E-Mail-Adressen) erhoben werden, erfolgt dies, soweit m\u00f6glich, stets auf freiwilliger Basis. Diese Daten werden ohne Ihre ausdr\u00fcckliche Zustimmung nicht an Dritte weitergegeben.<\/p>\n<p>Wir weisen darauf hin, dass die Daten\u00fcbertragung im Internet (z.B. bei der Kommunikation per E-Mail) Sicherheitsl\u00fccken aufweisen kann. Ein l\u00fcckenloser Schutz der Daten vor dem Zugriff durch Dritte ist nicht m\u00f6glich.<\/p>\n<p>Der Nutzung von im Rahmen der Impressumspflicht ver\u00f6ffentlichten\u00a0Kontaktdaten\u00a0durch Dritte zur \u00dcbersendung von nicht ausdr\u00fccklich\u00a0angeforderter Werbung und\u00a0Informationsmaterialien wird hiermit\u00a0ausdr\u00fccklich und unwiderruflich widersprochen.<\/p>\n<p>Ich oder die von mir beauftragten nat\u00fcrlichen oder juristischen Personen behalten sich ausdr\u00fccklich rechtliche Schritte im Falle der unverlangten Zusendung\u00a0von Werbeinformationen oder sonstiger Informationen, etwa durch Spam-Mails etc., vor.<\/p>\n<p><strong>Hinweis zur Datenschutzgrundverordnung (DSGVO)<\/strong><\/p>\n<p>Die ganz oder teilweise automatisierte Verarbeitung personenbezogener Daten, sowie die nichtautomatisierte Verarbeitung von personenbezogener Daten, die in einem Dateisystem gespeichert werden sollen, erfolgt durch eine nat\u00fcrliche Person und dient ausschlie\u00dflich pers\u00f6nlicher T\u00e4tigkeiten die keinerlei wirtschaftliche Interessen verfolgt.<\/p>\n<p>Zwischen Harald H\u00e4fele und der Strato AG (Websiteplattform) gibt es nach \u00a7 28 Abs. 3 Datenschutz-Grundverordnung (DSGVO) eine Vereinbarung zur Auftragsverarbeitung.<\/p>\n<p>Quellverweis: eRecht24 Disclaimer und Harald H\u00e4fele<\/p>\n<p>[\/et_pb_text][\/et_pb_column][\/et_pb_row][\/et_pb_section]<\/p>\n","protected":false},"excerpt":{"rendered":"<p>Impressum Angaben gem\u00e4\u00df \u00a7 5 TMG:\u00a0 Harald H\u00e4fele \u00a0 -:- \u00a0\u00a07 7 8 1 5 \u00a0B \u00fc h l\u00a0\u00a0 -:- \u00a0 Schlossh\u00f6he 27 \u00a0-:- \u00a0 Germany Kontakt:\u00a0Email: info(at)haraldhaefele.de Bitte beachten Sie folgenden Hinweis zum Thema Abmahnung: \u2028Keine Abmahnung ohne sich vorher mit mir per Mail oder Brief in Verbindung zu setzen ! Wenn der Inhalt [&hellip;]<\/p>\n","protected":false},"author":4,"featured_media":0,"parent":0,"menu_order":0,"comment_status":"closed","ping_status":"closed","template":"","meta":{"_et_pb_use_builder":"on","_et_pb_old_content":"","_et_gb_content_width":"","footnotes":""},"class_list":["post-1819","page","type-page","status-publish","hentry"],"_links":{"self":[{"href":"https:\/\/haraldhaefele.de\/index.php?rest_route=\/wp\/v2\/pages\/1819","targetHints":{"allow":["GET"]}}],"collection":[{"href":"https:\/\/haraldhaefele.de\/index.php?rest_route=\/wp\/v2\/pages"}],"about":[{"href":"https:\/\/haraldhaefele.de\/index.php?rest_route=\/wp\/v2\/types\/page"}],"author":[{"embeddable":true,"href":"https:\/\/haraldhaefele.de\/index.php?rest_route=\/wp\/v2\/users\/4"}],"replies":[{"embeddable":true,"href":"https:\/\/haraldhaefele.de\/index.php?rest_route=%2Fwp%2Fv2%2Fcomments&post=1819"}],"version-history":[{"count":7,"href":"https:\/\/haraldhaefele.de\/index.php?rest_route=\/wp\/v2\/pages\/1819\/revisions"}],"predecessor-version":[{"id":2982,"href":"https:\/\/haraldhaefele.de\/index.php?rest_route=\/wp\/v2\/pages\/1819\/revisions\/2982"}],"wp:attachment":[{"href":"https:\/\/haraldhaefele.de\/index.php?rest_route=%2Fwp%2Fv2%2Fmedia&parent=1819"}],"curies":[{"name":"wp","href":"https:\/\/api.w.org\/{rel}","templated":true}]}}